{"id":8,"date":"2025-10-09T11:07:23","date_gmt":"2025-10-09T11:07:23","guid":{"rendered":"https:\/\/2sax.cilla.enson.se\/?page_id=8"},"modified":"2025-10-09T14:44:39","modified_gmt":"2025-10-09T14:44:39","slug":"hem","status":"publish","type":"page","link":"https:\/\/salong2saxar.se\/","title":{"rendered":"Hem"},"content":{"rendered":"\t\t<div data-elementor-type=\"wp-page\" data-elementor-id=\"8\" class=\"elementor elementor-8\" data-elementor-post-type=\"page\">\n\t\t\t\t<div class=\"elementor-element elementor-element-e4b92ca e-flex e-con-boxed e-con e-parent\" data-id=\"e4b92ca\" data-element_type=\"container\" data-e-type=\"container\" data-settings=\"{&quot;background_background&quot;:&quot;classic&quot;}\">\n\t\t\t\t\t<div class=\"e-con-inner\">\n\t\t\t\t<div class=\"elementor-element elementor-element-1bdec92 elementor-widget elementor-widget-image\" data-id=\"1bdec92\" data-element_type=\"widget\" data-e-type=\"widget\" id=\"hem\" data-widget_type=\"image.default\">\n\t\t\t\t\t\t\t\t\t\t\t\t\t\t\t<img fetchpriority=\"high\" decoding=\"async\" width=\"800\" height=\"66\" src=\"https:\/\/salong2saxar.se\/wp-content\/uploads\/2025\/10\/Salong2Saxar-vit-1024x85.webp\" class=\"attachment-large size-large wp-image-52\" alt=\"\" srcset=\"https:\/\/salong2saxar.se\/wp-content\/uploads\/2025\/10\/Salong2Saxar-vit-1024x85.webp 1024w, https:\/\/salong2saxar.se\/wp-content\/uploads\/2025\/10\/Salong2Saxar-vit-300x25.webp 300w, https:\/\/salong2saxar.se\/wp-content\/uploads\/2025\/10\/Salong2Saxar-vit-768x63.webp 768w, https:\/\/salong2saxar.se\/wp-content\/uploads\/2025\/10\/Salong2Saxar-vit.webp 1500w\" sizes=\"(max-width: 800px) 100vw, 800px\" \/>\t\t\t\t\t\t\t\t\t\t\t\t\t\t\t<\/div>\n\t\t\t\t<div class=\"elementor-element elementor-element-844a5d7 elementor-widget elementor-widget-heading\" data-id=\"844a5d7\" data-element_type=\"widget\" data-e-type=\"widget\" data-widget_type=\"heading.default\">\n\t\t\t\t\t<h2 class=\"elementor-heading-title elementor-size-default\">Bj\u00f6rnav\u00e4gen 68<\/h2>\t\t\t\t<\/div>\n\t\t\t\t<div class=\"elementor-element elementor-element-847107f elementor-widget__width-initial elementor-widget elementor-widget-text-editor\" data-id=\"847107f\" data-element_type=\"widget\" data-e-type=\"widget\" data-widget_type=\"text-editor.default\">\n\t\t\t\t\t\t\t\t\t<p dir=\"auto\">Vi har valt bort fasta \u00f6ppettider f\u00f6r att kunna vara mer flexibla f\u00f6r dig som kund.<br \/><br \/>Vi h\u00e5ller \u00f6ppet f\u00f6r dig.<\/p>\t\t\t\t\t\t\t\t<\/div>\n\t\t\t\t<div class=\"elementor-element elementor-element-5e39f57 elementor-widget__width-inherit elementor-absolute elementor-widget elementor-widget-menu-anchor\" data-id=\"5e39f57\" data-element_type=\"widget\" data-e-type=\"widget\" data-settings=\"{&quot;_position&quot;:&quot;absolute&quot;}\" data-widget_type=\"menu-anchor.default\">\n\t\t\t\t\t\t\t<div class=\"elementor-menu-anchor\" id=\"start\"><\/div>\n\t\t\t\t\t\t<\/div>\n\t\t\t\t\t<\/div>\n\t\t\t\t<\/div>\n\t\t<div class=\"elementor-element elementor-element-b2c5e68 e-flex e-con-boxed e-con e-parent\" data-id=\"b2c5e68\" data-element_type=\"container\" data-e-type=\"container\" id=\"omoss\">\n\t\t\t\t\t<div class=\"e-con-inner\">\n\t\t<div class=\"elementor-element elementor-element-05e0256 e-con-full e-flex e-con e-child\" data-id=\"05e0256\" data-element_type=\"container\" data-e-type=\"container\">\n\t\t\t\t<div class=\"elementor-element elementor-element-8288dcb elementor-widget elementor-widget-heading\" data-id=\"8288dcb\" data-element_type=\"widget\" data-e-type=\"widget\" data-widget_type=\"heading.default\">\n\t\t\t\t\t<h2 class=\"elementor-heading-title elementor-size-default\">Om oss<\/h2>\t\t\t\t<\/div>\n\t\t\t\t<div class=\"elementor-element elementor-element-4629196 elementor-widget__width-inherit elementor-widget elementor-widget-text-editor\" data-id=\"4629196\" data-element_type=\"widget\" data-e-type=\"widget\" data-widget_type=\"text-editor.default\">\n\t\t\t\t\t\t\t\t\t<p dir=\"auto\">Hos oss \u00e4r det du som \u00e4r i centrum. N\u00e4r du kommer blir du v\u00e4l bem\u00f6tt och omh\u00e4ndertagen. Vi lyssnar p\u00e5 dina \u00f6nskem\u00e5l och ger r\u00e5d utifr\u00e5n v\u00e5r kunskap. N\u00e4r du l\u00e4mnar salongen ska du alltid vara n\u00f6jd med resultatet. V\u00e5rt m\u00e5l \u00e4r att ge ditt h\u00e5r den b\u00e4sta t\u00e4nkbara behandling samtidigt som du f\u00e5r en sk\u00f6n paus i vardagen.<\/p>\t\t\t\t\t\t\t\t<\/div>\n\t\t\t\t<div class=\"elementor-element elementor-element-2cbc36c elementor-blockquote--skin-quotation elementor-blockquote--align-left elementor-widget elementor-widget-blockquote\" data-id=\"2cbc36c\" data-element_type=\"widget\" data-e-type=\"widget\" data-widget_type=\"blockquote.default\">\n\t\t\t\t\t\t\t<blockquote class=\"elementor-blockquote\">\n\t\t\t<p class=\"elementor-blockquote__content\">\n\t\t\t\tV\u00c5RT MOTTO \u00c4R ATT EN FRIS\u00d6R ALDRIG BLIR F\u00c4RDIG UTBILDAD DET KR\u00c4VS KONTINUELIG UTBILDNING F\u00d6R ATT GE KUNDEN DE B\u00c4STA\t\t\t<\/p>\n\t\t\t\t\t<\/blockquote>\n\t\t\t\t\t\t<\/div>\n\t\t\t\t<\/div>\n\t\t<div class=\"elementor-element elementor-element-c2313f9 e-grid e-con-full e-con e-child\" data-id=\"c2313f9\" data-element_type=\"container\" data-e-type=\"container\">\n\t\t<div class=\"elementor-element elementor-element-6aefc89 e-con-full e-flex e-con e-child\" data-id=\"6aefc89\" data-element_type=\"container\" data-e-type=\"container\" data-settings=\"{&quot;background_background&quot;:&quot;classic&quot;}\">\n\t\t<div class=\"elementor-element elementor-element-ed24e40 e-con-full e-flex e-con e-child\" data-id=\"ed24e40\" data-element_type=\"container\" data-e-type=\"container\" data-settings=\"{&quot;background_background&quot;:&quot;classic&quot;}\">\n\t\t\t\t<div class=\"elementor-element elementor-element-4a421a3 elementor-widget elementor-widget-image\" data-id=\"4a421a3\" data-element_type=\"widget\" data-e-type=\"widget\" data-widget_type=\"image.default\">\n\t\t\t\t\t\t\t\t\t\t\t\t\t\t\t<img decoding=\"async\" width=\"768\" height=\"1024\" src=\"https:\/\/salong2saxar.se\/wp-content\/uploads\/2025\/10\/Elin20241-768x1024.webp\" class=\"attachment-large size-large wp-image-56\" alt=\"\" srcset=\"https:\/\/salong2saxar.se\/wp-content\/uploads\/2025\/10\/Elin20241-768x1024.webp 768w, https:\/\/salong2saxar.se\/wp-content\/uploads\/2025\/10\/Elin20241-225x300.webp 225w, https:\/\/salong2saxar.se\/wp-content\/uploads\/2025\/10\/Elin20241.webp 1012w\" sizes=\"(max-width: 768px) 100vw, 768px\" \/>\t\t\t\t\t\t\t\t\t\t\t\t\t\t\t<\/div>\n\t\t\t\t<\/div>\n\t\t<div class=\"elementor-element elementor-element-01e9723 e-con-full e-flex e-con e-child\" data-id=\"01e9723\" data-element_type=\"container\" data-e-type=\"container\" data-settings=\"{&quot;background_background&quot;:&quot;classic&quot;}\">\n\t\t\t\t<div class=\"elementor-element elementor-element-5cabbd5 elementor-widget__width-inherit elementor-widget elementor-widget-text-editor\" data-id=\"5cabbd5\" data-element_type=\"widget\" data-e-type=\"widget\" data-widget_type=\"text-editor.default\">\n\t\t\t\t\t\t\t\t\t<p><strong>Elin Johansson<\/strong><br \/><em>Fris\u00f6r<\/em><br \/>Ges\u00e4llbrev: 2014<\/p>\t\t\t\t\t\t\t\t<\/div>\n\t\t\t\t<\/div>\n\t\t\t\t<\/div>\n\t\t<div class=\"elementor-element elementor-element-ec44d83 e-con-full e-flex e-con e-child\" data-id=\"ec44d83\" data-element_type=\"container\" data-e-type=\"container\" data-settings=\"{&quot;background_background&quot;:&quot;classic&quot;}\">\n\t\t<div class=\"elementor-element elementor-element-ab2af6c e-con-full e-flex e-con e-child\" data-id=\"ab2af6c\" data-element_type=\"container\" data-e-type=\"container\" data-settings=\"{&quot;background_background&quot;:&quot;classic&quot;}\">\n\t\t\t\t<div class=\"elementor-element elementor-element-62a9224 elementor-widget elementor-widget-image\" data-id=\"62a9224\" data-element_type=\"widget\" data-e-type=\"widget\" data-widget_type=\"image.default\">\n\t\t\t\t\t\t\t\t\t\t\t\t\t\t\t<img decoding=\"async\" width=\"800\" height=\"1000\" src=\"https:\/\/salong2saxar.se\/wp-content\/uploads\/2025\/10\/Sandra20241-819x1024.webp\" class=\"attachment-large size-large wp-image-57\" alt=\"\" srcset=\"https:\/\/salong2saxar.se\/wp-content\/uploads\/2025\/10\/Sandra20241-819x1024.webp 819w, https:\/\/salong2saxar.se\/wp-content\/uploads\/2025\/10\/Sandra20241-240x300.webp 240w, https:\/\/salong2saxar.se\/wp-content\/uploads\/2025\/10\/Sandra20241-768x960.webp 768w, https:\/\/salong2saxar.se\/wp-content\/uploads\/2025\/10\/Sandra20241-1229x1536.webp 1229w, https:\/\/salong2saxar.se\/wp-content\/uploads\/2025\/10\/Sandra20241.webp 1638w\" sizes=\"(max-width: 800px) 100vw, 800px\" \/>\t\t\t\t\t\t\t\t\t\t\t\t\t\t\t<\/div>\n\t\t\t\t<\/div>\n\t\t<div class=\"elementor-element elementor-element-276999d e-con-full e-flex e-con e-child\" data-id=\"276999d\" data-element_type=\"container\" data-e-type=\"container\" data-settings=\"{&quot;background_background&quot;:&quot;classic&quot;}\">\n\t\t\t\t<div class=\"elementor-element elementor-element-ce56b31 elementor-widget__width-inherit elementor-widget elementor-widget-text-editor\" data-id=\"ce56b31\" data-element_type=\"widget\" data-e-type=\"widget\" data-widget_type=\"text-editor.default\">\n\t\t\t\t\t\t\t\t\t<p><strong>Sandra Johansson<\/strong><br \/><em>Salong\u00e4gare \/ Fris\u00f6r<\/em><br \/>Ges\u00e4llbrev: 2007<\/p>\t\t\t\t\t\t\t\t<\/div>\n\t\t\t\t<\/div>\n\t\t\t\t<\/div>\n\t\t<div class=\"elementor-element elementor-element-e93cfb3 e-con-full e-flex e-con e-child\" data-id=\"e93cfb3\" data-element_type=\"container\" data-e-type=\"container\" data-settings=\"{&quot;background_background&quot;:&quot;classic&quot;}\">\n\t\t<div class=\"elementor-element elementor-element-ef7ff73 e-con-full e-flex e-con e-child\" data-id=\"ef7ff73\" data-element_type=\"container\" data-e-type=\"container\" data-settings=\"{&quot;background_background&quot;:&quot;classic&quot;}\">\n\t\t\t\t<div class=\"elementor-element elementor-element-df9a1fb elementor-widget elementor-widget-image\" data-id=\"df9a1fb\" data-element_type=\"widget\" data-e-type=\"widget\" data-widget_type=\"image.default\">\n\t\t\t\t\t\t\t\t\t\t\t\t\t\t\t<img loading=\"lazy\" decoding=\"async\" width=\"800\" height=\"1000\" src=\"https:\/\/salong2saxar.se\/wp-content\/uploads\/2025\/10\/Frida20241-819x1024.webp\" class=\"attachment-large size-large wp-image-58\" alt=\"\" srcset=\"https:\/\/salong2saxar.se\/wp-content\/uploads\/2025\/10\/Frida20241-819x1024.webp 819w, https:\/\/salong2saxar.se\/wp-content\/uploads\/2025\/10\/Frida20241-240x300.webp 240w, https:\/\/salong2saxar.se\/wp-content\/uploads\/2025\/10\/Frida20241-768x960.webp 768w, https:\/\/salong2saxar.se\/wp-content\/uploads\/2025\/10\/Frida20241-1229x1536.webp 1229w, https:\/\/salong2saxar.se\/wp-content\/uploads\/2025\/10\/Frida20241.webp 1638w\" sizes=\"(max-width: 800px) 100vw, 800px\" \/>\t\t\t\t\t\t\t\t\t\t\t\t\t\t\t<\/div>\n\t\t\t\t<\/div>\n\t\t<div class=\"elementor-element elementor-element-5419bec e-con-full e-flex e-con e-child\" data-id=\"5419bec\" data-element_type=\"container\" data-e-type=\"container\" data-settings=\"{&quot;background_background&quot;:&quot;classic&quot;}\">\n\t\t\t\t<div class=\"elementor-element elementor-element-b727e67 elementor-widget__width-inherit elementor-widget elementor-widget-text-editor\" data-id=\"b727e67\" data-element_type=\"widget\" data-e-type=\"widget\" data-widget_type=\"text-editor.default\">\n\t\t\t\t\t\t\t\t\t<p><strong>Frida Bergfeldt<\/strong><br \/><em>Fris\u00f6r<\/em><br \/>Ges\u00e4llbrev: 2004<\/p>\t\t\t\t\t\t\t\t<\/div>\n\t\t\t\t<\/div>\n\t\t\t\t<\/div>\n\t\t<div class=\"elementor-element elementor-element-5335064 e-con-full e-flex e-con e-child\" data-id=\"5335064\" data-element_type=\"container\" data-e-type=\"container\" data-settings=\"{&quot;background_background&quot;:&quot;classic&quot;}\">\n\t\t<div class=\"elementor-element elementor-element-85e31e0 e-con-full e-flex e-con e-child\" data-id=\"85e31e0\" data-element_type=\"container\" data-e-type=\"container\" data-settings=\"{&quot;background_background&quot;:&quot;classic&quot;}\">\n\t\t\t\t<div class=\"elementor-element elementor-element-a1bb30e elementor-widget elementor-widget-image\" data-id=\"a1bb30e\" data-element_type=\"widget\" data-e-type=\"widget\" data-widget_type=\"image.default\">\n\t\t\t\t\t\t\t\t\t\t\t\t\t\t\t<img loading=\"lazy\" decoding=\"async\" width=\"768\" height=\"1024\" src=\"https:\/\/salong2saxar.se\/wp-content\/uploads\/2025\/10\/Matilda20241-768x1024.webp\" class=\"attachment-large size-large wp-image-59\" alt=\"\" srcset=\"https:\/\/salong2saxar.se\/wp-content\/uploads\/2025\/10\/Matilda20241-768x1024.webp 768w, https:\/\/salong2saxar.se\/wp-content\/uploads\/2025\/10\/Matilda20241-225x300.webp 225w, https:\/\/salong2saxar.se\/wp-content\/uploads\/2025\/10\/Matilda20241-1152x1536.webp 1152w, https:\/\/salong2saxar.se\/wp-content\/uploads\/2025\/10\/Matilda20241.webp 1536w\" sizes=\"(max-width: 768px) 100vw, 768px\" \/>\t\t\t\t\t\t\t\t\t\t\t\t\t\t\t<\/div>\n\t\t\t\t<\/div>\n\t\t<div class=\"elementor-element elementor-element-02e6e04 e-con-full e-flex e-con e-child\" data-id=\"02e6e04\" data-element_type=\"container\" data-e-type=\"container\" data-settings=\"{&quot;background_background&quot;:&quot;classic&quot;}\">\n\t\t\t\t<div class=\"elementor-element elementor-element-3b9b413 elementor-widget__width-inherit elementor-widget elementor-widget-text-editor\" data-id=\"3b9b413\" data-element_type=\"widget\" data-e-type=\"widget\" data-widget_type=\"text-editor.default\">\n\t\t\t\t\t\t\t\t\t<p><strong>Matilda Bergman L\u00f6nnberg<br \/><\/strong><em>Fris\u00f6r<\/em><br \/>Ges\u00e4llbrev: 2019<\/p>\t\t\t\t\t\t\t\t<\/div>\n\t\t\t\t<\/div>\n\t\t\t\t<\/div>\n\t\t\t\t<\/div>\n\t\t\t\t\t<\/div>\n\t\t\t\t<\/div>\n\t\t<div class=\"elementor-element elementor-element-604c0ca e-flex e-con-boxed e-con e-parent\" data-id=\"604c0ca\" data-element_type=\"container\" data-e-type=\"container\" data-settings=\"{&quot;background_background&quot;:&quot;classic&quot;}\">\n\t\t\t\t\t<div class=\"e-con-inner\">\n\t\t\t\t<div class=\"elementor-element elementor-element-d558298 elementor-widget elementor-widget-heading\" data-id=\"d558298\" data-element_type=\"widget\" data-e-type=\"widget\" data-widget_type=\"heading.default\">\n\t\t\t\t\t<h2 class=\"elementor-heading-title elementor-size-default\">Boka din personliga tid nu!<\/h2>\t\t\t\t<\/div>\n\t\t\t\t<div class=\"elementor-element elementor-element-aaa6c63 elementor-widget__width-initial elementor-widget elementor-widget-text-editor\" data-id=\"aaa6c63\" data-element_type=\"widget\" data-e-type=\"widget\" data-widget_type=\"text-editor.default\">\n\t\t\t\t\t\t\t\t\t<p dir=\"auto\">Hos Salong 2 Saxar lyssnar vi p\u00e5 dig. Vi skapar den perfekta looken med skr\u00e4ddarsydd service, flexibla tider och en stund av total avkoppling. L\u00e5t oss ta hand om ditt h\u00e5r medan du slappnar av \u2013 du f\u00f6rtj\u00e4nar det!<\/p>\t\t\t\t\t\t\t\t<\/div>\n\t\t\t\t<div class=\"elementor-element elementor-element-48cddec elementor-widget elementor-widget-button\" data-id=\"48cddec\" data-element_type=\"widget\" data-e-type=\"widget\" data-widget_type=\"button.default\">\n\t\t\t\t\t\t\t\t\t\t<a class=\"elementor-button elementor-button-link elementor-size-sm\" href=\"https:\/\/bokning.voady.se\/2saxar\" target=\"_blank\">\n\t\t\t\t\t\t<span class=\"elementor-button-content-wrapper\">\n\t\t\t\t\t\t\t\t\t<span class=\"elementor-button-text\">Boka tid<\/span>\n\t\t\t\t\t<\/span>\n\t\t\t\t\t<\/a>\n\t\t\t\t\t\t\t\t<\/div>\n\t\t\t\t\t<\/div>\n\t\t\t\t<\/div>\n\t\t\t\t<\/div>\n\t\t","protected":false},"excerpt":{"rendered":"<p>Bj\u00f6rnav\u00e4gen 68 Vi har valt bort fasta \u00f6ppettider f\u00f6r att kunna vara mer flexibla f\u00f6r dig som kund. Vi h\u00e5ller \u00f6ppet f\u00f6r dig. Om oss Hos oss \u00e4r det du som \u00e4r i centrum. N\u00e4r du kommer blir du v\u00e4l bem\u00f6tt och omh\u00e4ndertagen. Vi lyssnar p\u00e5 dina \u00f6nskem\u00e5l och ger r\u00e5d utifr\u00e5n v\u00e5r kunskap. N\u00e4r [&hellip;]<\/p>\n","protected":false},"author":1,"featured_media":0,"parent":0,"menu_order":0,"comment_status":"closed","ping_status":"closed","template":"","meta":{"footnotes":""},"class_list":["post-8","page","type-page","status-publish","hentry"],"_links":{"self":[{"href":"https:\/\/salong2saxar.se\/index.php\/wp-json\/wp\/v2\/pages\/8","targetHints":{"allow":["GET"]}}],"collection":[{"href":"https:\/\/salong2saxar.se\/index.php\/wp-json\/wp\/v2\/pages"}],"about":[{"href":"https:\/\/salong2saxar.se\/index.php\/wp-json\/wp\/v2\/types\/page"}],"author":[{"embeddable":true,"href":"https:\/\/salong2saxar.se\/index.php\/wp-json\/wp\/v2\/users\/1"}],"replies":[{"embeddable":true,"href":"https:\/\/salong2saxar.se\/index.php\/wp-json\/wp\/v2\/comments?post=8"}],"version-history":[{"count":64,"href":"https:\/\/salong2saxar.se\/index.php\/wp-json\/wp\/v2\/pages\/8\/revisions"}],"predecessor-version":[{"id":129,"href":"https:\/\/salong2saxar.se\/index.php\/wp-json\/wp\/v2\/pages\/8\/revisions\/129"}],"wp:attachment":[{"href":"https:\/\/salong2saxar.se\/index.php\/wp-json\/wp\/v2\/media?parent=8"}],"curies":[{"name":"wp","href":"https:\/\/api.w.org\/{rel}","templated":true}]}}